{"id":178,"date":"2015-07-16T09:40:05","date_gmt":"2015-07-16T08:40:05","guid":{"rendered":"http:\/\/emmaus-blois.com\/?page_id=178"},"modified":"2020-07-15T15:32:50","modified_gmt":"2020-07-15T14:32:50","slug":"devenir-benevole","status":"publish","type":"page","link":"https:\/\/emmaus-blois.com\/index.php\/devenir-benevole\/","title":{"rendered":"Amis &#8211; B\u00e9n\u00e9voles"},"content":{"rendered":"\n<p><\/p>\n\n\n<h1><a href=\"http:\/\/emmaus-blois.com\/index.php\/devenir-benevole\/capture-decran-2020-07-11-a-16-00-00\/\" rel=\"attachment wp-att-1272\"><img loading=\"lazy\" class=\"aligncenter size-full wp-image-1272\" src=\"http:\/\/emmaus-blois.com\/wp-content\/uploads\/2020\/07\/Capture-d\u2019\u00e9cran-2020-07-11-\u00e0-16.00.00.png\" alt=\"\" width=\"2880\" height=\"1306\" srcset=\"https:\/\/emmaus-blois.com\/wp-content\/uploads\/2020\/07\/Capture-d\u2019\u00e9cran-2020-07-11-\u00e0-16.00.00.png 2880w, https:\/\/emmaus-blois.com\/wp-content\/uploads\/2020\/07\/Capture-d\u2019\u00e9cran-2020-07-11-\u00e0-16.00.00-300x136.png 300w, https:\/\/emmaus-blois.com\/wp-content\/uploads\/2020\/07\/Capture-d\u2019\u00e9cran-2020-07-11-\u00e0-16.00.00-1024x464.png 1024w, https:\/\/emmaus-blois.com\/wp-content\/uploads\/2020\/07\/Capture-d\u2019\u00e9cran-2020-07-11-\u00e0-16.00.00-768x348.png 768w, https:\/\/emmaus-blois.com\/wp-content\/uploads\/2020\/07\/Capture-d\u2019\u00e9cran-2020-07-11-\u00e0-16.00.00-1536x697.png 1536w, https:\/\/emmaus-blois.com\/wp-content\/uploads\/2020\/07\/Capture-d\u2019\u00e9cran-2020-07-11-\u00e0-16.00.00-2048x929.png 2048w, https:\/\/emmaus-blois.com\/wp-content\/uploads\/2020\/07\/Capture-d\u2019\u00e9cran-2020-07-11-\u00e0-16.00.00-1140x517.png 1140w\" sizes=\"(max-width: 2880px) 100vw, 2880px\" \/><\/a><\/h1>\n<blockquote>\n<p><em><strong>Le b\u00e9n\u00e9volat, \u00eatre <a href=\"https:\/\/emmaus-france.org\">ami d&rsquo;Emma\u00fcs<\/a> !<\/strong><\/em><\/p>\n<\/blockquote>\n<p>Les Amis &#8211; B\u00e9n\u00e9voles apportent une contribution essentielle\u00a0au comit\u00e9\u00a0en :<\/p>\n<ul>\n<li>\n<p>Aidant \u00e0 la pr\u00e9paration des <a href=\"http:\/\/emmaus-blois.com\/index.php\/la-boutique\/\">ventes<\/a> (tri des dons, remise en \u00e9tat, pr\u00e9sentation et mise en valeur des objets, &#8230;)<\/p>\n<\/li>\n<li>\n<p>Participant \u00e0 la<a href=\"http:\/\/emmaus-blois.com\/index.php\/la-boutique\/\"> vente<\/a><\/p>\n<\/li>\n<li>\n<p>Nous aidant \u00e0 \u00eatre toujours plus cr\u00e9atifs dans <a href=\"http:\/\/emmaus-blois.com\/index.php\/nos-actions-2\/\">notre combat<\/a> contre toutes les injustices<\/p>\n<\/li>\n<\/ul>\n<blockquote>\n<p><em><strong>Vous aussi, vous pouvez nous aider en rejoignant notre association.<\/strong><\/em><\/p>\n<\/blockquote>\n<h4>\u00a0<\/h4>\n<h4><a href=\"http:\/\/emmaus-blois.com\/index.php\/devenir-benevole\/devenir-benevole-po-2\/\" rel=\"attachment wp-att-1378\"><img loading=\"lazy\" class=\"aligncenter size-full wp-image-1378\" src=\"http:\/\/emmaus-blois.com\/wp-content\/uploads\/2020\/07\/Devenir-B\u00e9n\u00e9vole-Po-2.png\" alt=\"\" width=\"1587\" height=\"2245\" srcset=\"https:\/\/emmaus-blois.com\/wp-content\/uploads\/2020\/07\/Devenir-B\u00e9n\u00e9vole-Po-2.png 1587w, https:\/\/emmaus-blois.com\/wp-content\/uploads\/2020\/07\/Devenir-B\u00e9n\u00e9vole-Po-2-212x300.png 212w, https:\/\/emmaus-blois.com\/wp-content\/uploads\/2020\/07\/Devenir-B\u00e9n\u00e9vole-Po-2-724x1024.png 724w, https:\/\/emmaus-blois.com\/wp-content\/uploads\/2020\/07\/Devenir-B\u00e9n\u00e9vole-Po-2-768x1086.png 768w, https:\/\/emmaus-blois.com\/wp-content\/uploads\/2020\/07\/Devenir-B\u00e9n\u00e9vole-Po-2-1086x1536.png 1086w, https:\/\/emmaus-blois.com\/wp-content\/uploads\/2020\/07\/Devenir-B\u00e9n\u00e9vole-Po-2-1448x2048.png 1448w, https:\/\/emmaus-blois.com\/wp-content\/uploads\/2020\/07\/Devenir-B\u00e9n\u00e9vole-Po-2-1140x1613.png 1140w\" sizes=\"(max-width: 1587px) 100vw, 1587px\" \/><\/a><\/h4>\n<h4>\u00a0<\/h4>\n<h4 class=\"titre\">Vous voulez devenir b\u00e9n\u00e9vole ?<\/h4>\n<ul>\n<li>Venez\u00a0jusqu&rsquo;\u00e0\u00a0notre adresse\u00a0pour prendre contact<\/li>\n<li>Envoyez un courriel \u00e0 <span id=\"cloak74174\"><a href=\"mailto:emmaus.blois@wanadoo.fr\" target=\"_blank\" rel=\"noopener noreferrer\">emmaus.blois@wanadoo.fr<\/a><\/span>,<\/li>\n<li style=\"text-align: left;\">ou \u00e9crivez-nous \u00e0 :<\/li>\n<\/ul>\n<p style=\"text-align: center;\"><strong><span class=\"couleur_rose\">Emma\u00fcs Blois<br \/><\/span><span class=\"couleur_rose\">124 bis RN 152<br \/>41000 Saint-Denis-sur-Loire<\/span><\/strong><\/p>\n<p style=\"text-align: left;\">En pr\u00e9cisant vos nom, pr\u00e9nom et t\u00e9l\u00e9phone, votre disponibilit\u00e9 et si vous avez des comp\u00e9tences particuli\u00e8res que vous acceptez de mettre en avant ( connaissances sp\u00e9cifiques ).<\/p>","protected":false},"excerpt":{"rendered":"<p>Le b\u00e9n\u00e9volat, \u00eatre ami d&rsquo;Emma\u00fcs ! Les Amis &#8211; B\u00e9n\u00e9voles apportent une contribution essentielle\u00a0au comit\u00e9\u00a0en : Aidant \u00e0 la pr\u00e9paration des ventes (tri des dons, remise en \u00e9tat, pr\u00e9sentation et mise en valeur des objets, &#8230;) Participant \u00e0 la vente Nous aidant \u00e0 \u00eatre toujours plus cr\u00e9atifs dans notre combat contre toutes les injustices Vous aussi, vous pouvez nous aider en rejoignant notre association. \u00a0 \u00a0 Vous voulez devenir b\u00e9n\u00e9vole ? Venez\u00a0jusqu&rsquo;\u00e0\u00a0notre adresse\u00a0pour prendre contact Envoyez un courriel \u00e0 emmaus.blois@wanadoo.fr, ou \u00e9crivez-nous \u00e0 : Emma\u00fcs Blois124 bis RN 15241000 Saint-Denis-sur-Loire En pr\u00e9cisant vos nom, pr\u00e9nom et t\u00e9l\u00e9phone, votre disponibilit\u00e9 et si vous avez des comp\u00e9tences particuli\u00e8res que vous acceptez de mettre en avant ( connaissances sp\u00e9cifiques ).<\/p>\n","protected":false},"author":3,"featured_media":0,"parent":0,"menu_order":0,"comment_status":"closed","ping_status":"closed","template":"","meta":{"_mi_skip_tracking":false},"yoast_head":"<!-- This site is optimized with the Yoast SEO plugin v19.14 - https:\/\/yoast.com\/wordpress\/plugins\/seo\/ -->\n<title>Amis - B\u00e9n\u00e9voles - Emmaus Blois<\/title>\n<meta name=\"description\" content=\"Devenir b\u00e9n\u00e9vole ? Facile ! Venez voir comment et pourquoi devenir b\u00e9n\u00e9vole \u00e0 EMMA\u00dcS Blois. Rejoignez nous sur Facebook !\" \/>\n<meta name=\"robots\" content=\"index, follow, max-snippet:-1, max-image-preview:large, max-video-preview:-1\" \/>\n<link rel=\"canonical\" href=\"https:\/\/emmaus-blois.com\/index.php\/devenir-benevole\/\" \/>\n<meta property=\"og:locale\" content=\"fr_FR\" \/>\n<meta property=\"og:type\" content=\"article\" \/>\n<meta property=\"og:title\" content=\"Amis - B\u00e9n\u00e9voles - Emmaus Blois\" \/>\n<meta property=\"og:description\" content=\"Devenir b\u00e9n\u00e9vole ? Facile ! Venez voir comment et pourquoi devenir b\u00e9n\u00e9vole \u00e0 EMMA\u00dcS Blois. Rejoignez nous sur Facebook !\" \/>\n<meta property=\"og:url\" content=\"https:\/\/emmaus-blois.com\/index.php\/devenir-benevole\/\" \/>\n<meta property=\"og:site_name\" content=\"Emmaus Blois\" \/>\n<meta property=\"article:modified_time\" content=\"2020-07-15T14:32:50+00:00\" \/>\n<meta name=\"twitter:card\" content=\"summary_large_image\" \/>\n<meta name=\"twitter:label1\" content=\"Dur\u00e9e de lecture estim\u00e9e\" \/>\n\t<meta name=\"twitter:data1\" content=\"1 minute\" \/>\n<script type=\"application\/ld+json\" class=\"yoast-schema-graph\">{\"@context\":\"https:\/\/schema.org\",\"@graph\":[{\"@type\":\"WebPage\",\"@id\":\"https:\/\/emmaus-blois.com\/index.php\/devenir-benevole\/\",\"url\":\"https:\/\/emmaus-blois.com\/index.php\/devenir-benevole\/\",\"name\":\"Amis - B\u00e9n\u00e9voles - Emmaus Blois\",\"isPartOf\":{\"@id\":\"https:\/\/emmaus-blois.com\/#website\"},\"datePublished\":\"2015-07-16T08:40:05+00:00\",\"dateModified\":\"2020-07-15T14:32:50+00:00\",\"description\":\"Devenir b\u00e9n\u00e9vole ? Facile ! Venez voir comment et pourquoi devenir b\u00e9n\u00e9vole \u00e0 EMMA\u00dcS Blois. Rejoignez nous sur Facebook !\",\"breadcrumb\":{\"@id\":\"https:\/\/emmaus-blois.com\/index.php\/devenir-benevole\/#breadcrumb\"},\"inLanguage\":\"fr-FR\",\"potentialAction\":[{\"@type\":\"ReadAction\",\"target\":[\"https:\/\/emmaus-blois.com\/index.php\/devenir-benevole\/\"]}]},{\"@type\":\"BreadcrumbList\",\"@id\":\"https:\/\/emmaus-blois.com\/index.php\/devenir-benevole\/#breadcrumb\",\"itemListElement\":[{\"@type\":\"ListItem\",\"position\":1,\"name\":\"Accueil\",\"item\":\"https:\/\/emmaus-blois.com\/\"},{\"@type\":\"ListItem\",\"position\":2,\"name\":\"Amis &#8211; B\u00e9n\u00e9voles\"}]},{\"@type\":\"WebSite\",\"@id\":\"https:\/\/emmaus-blois.com\/#website\",\"url\":\"https:\/\/emmaus-blois.com\/\",\"name\":\"Emmaus Blois\",\"description\":\"\",\"potentialAction\":[{\"@type\":\"SearchAction\",\"target\":{\"@type\":\"EntryPoint\",\"urlTemplate\":\"https:\/\/emmaus-blois.com\/?s={search_term_string}\"},\"query-input\":\"required name=search_term_string\"}],\"inLanguage\":\"fr-FR\"}]}<\/script>\n<!-- \/ Yoast SEO plugin. -->","yoast_head_json":{"title":"Amis - B\u00e9n\u00e9voles - Emmaus Blois","description":"Devenir b\u00e9n\u00e9vole ? Facile ! Venez voir comment et pourquoi devenir b\u00e9n\u00e9vole \u00e0 EMMA\u00dcS Blois. Rejoignez nous sur Facebook !","robots":{"index":"index","follow":"follow","max-snippet":"max-snippet:-1","max-image-preview":"max-image-preview:large","max-video-preview":"max-video-preview:-1"},"canonical":"https:\/\/emmaus-blois.com\/index.php\/devenir-benevole\/","og_locale":"fr_FR","og_type":"article","og_title":"Amis - B\u00e9n\u00e9voles - Emmaus Blois","og_description":"Devenir b\u00e9n\u00e9vole ? Facile ! Venez voir comment et pourquoi devenir b\u00e9n\u00e9vole \u00e0 EMMA\u00dcS Blois. Rejoignez nous sur Facebook !","og_url":"https:\/\/emmaus-blois.com\/index.php\/devenir-benevole\/","og_site_name":"Emmaus Blois","article_modified_time":"2020-07-15T14:32:50+00:00","twitter_card":"summary_large_image","twitter_misc":{"Dur\u00e9e de lecture estim\u00e9e":"1 minute"},"schema":{"@context":"https:\/\/schema.org","@graph":[{"@type":"WebPage","@id":"https:\/\/emmaus-blois.com\/index.php\/devenir-benevole\/","url":"https:\/\/emmaus-blois.com\/index.php\/devenir-benevole\/","name":"Amis - B\u00e9n\u00e9voles - Emmaus Blois","isPartOf":{"@id":"https:\/\/emmaus-blois.com\/#website"},"datePublished":"2015-07-16T08:40:05+00:00","dateModified":"2020-07-15T14:32:50+00:00","description":"Devenir b\u00e9n\u00e9vole ? Facile ! Venez voir comment et pourquoi devenir b\u00e9n\u00e9vole \u00e0 EMMA\u00dcS Blois. Rejoignez nous sur Facebook !","breadcrumb":{"@id":"https:\/\/emmaus-blois.com\/index.php\/devenir-benevole\/#breadcrumb"},"inLanguage":"fr-FR","potentialAction":[{"@type":"ReadAction","target":["https:\/\/emmaus-blois.com\/index.php\/devenir-benevole\/"]}]},{"@type":"BreadcrumbList","@id":"https:\/\/emmaus-blois.com\/index.php\/devenir-benevole\/#breadcrumb","itemListElement":[{"@type":"ListItem","position":1,"name":"Accueil","item":"https:\/\/emmaus-blois.com\/"},{"@type":"ListItem","position":2,"name":"Amis &#8211; B\u00e9n\u00e9voles"}]},{"@type":"WebSite","@id":"https:\/\/emmaus-blois.com\/#website","url":"https:\/\/emmaus-blois.com\/","name":"Emmaus Blois","description":"","potentialAction":[{"@type":"SearchAction","target":{"@type":"EntryPoint","urlTemplate":"https:\/\/emmaus-blois.com\/?s={search_term_string}"},"query-input":"required name=search_term_string"}],"inLanguage":"fr-FR"}]}},"_links":{"self":[{"href":"https:\/\/emmaus-blois.com\/index.php\/wp-json\/wp\/v2\/pages\/178"}],"collection":[{"href":"https:\/\/emmaus-blois.com\/index.php\/wp-json\/wp\/v2\/pages"}],"about":[{"href":"https:\/\/emmaus-blois.com\/index.php\/wp-json\/wp\/v2\/types\/page"}],"author":[{"embeddable":true,"href":"https:\/\/emmaus-blois.com\/index.php\/wp-json\/wp\/v2\/users\/3"}],"replies":[{"embeddable":true,"href":"https:\/\/emmaus-blois.com\/index.php\/wp-json\/wp\/v2\/comments?post=178"}],"version-history":[{"count":15,"href":"https:\/\/emmaus-blois.com\/index.php\/wp-json\/wp\/v2\/pages\/178\/revisions"}],"predecessor-version":[{"id":1391,"href":"https:\/\/emmaus-blois.com\/index.php\/wp-json\/wp\/v2\/pages\/178\/revisions\/1391"}],"wp:attachment":[{"href":"https:\/\/emmaus-blois.com\/index.php\/wp-json\/wp\/v2\/media?parent=178"}],"curies":[{"name":"wp","href":"https:\/\/api.w.org\/{rel}","templated":true}]}}