{"id":135,"date":"2015-07-15T08:58:44","date_gmt":"2015-07-15T07:58:44","guid":{"rendered":"http:\/\/emmaus-blois.com\/?page_id=135"},"modified":"2020-07-21T15:57:38","modified_gmt":"2020-07-21T14:57:38","slug":"en-donnant","status":"publish","type":"page","link":"https:\/\/emmaus-blois.com\/index.php\/en-donnant\/","title":{"rendered":"Donner"},"content":{"rendered":"<h2 style=\"text-align: left; margin-top: 0px;\"><a href=\"http:\/\/emmaus-blois.com\/index.php\/en-donnant\/img_2514-2\/\" rel=\"attachment wp-att-1270\"><img loading=\"lazy\" class=\"aligncenter size-full wp-image-1270\" src=\"http:\/\/emmaus-blois.com\/wp-content\/uploads\/2020\/07\/IMG_2514-2-scaled.jpg\" alt=\"\" width=\"2560\" height=\"1376\" srcset=\"https:\/\/emmaus-blois.com\/wp-content\/uploads\/2020\/07\/IMG_2514-2-scaled.jpg 2560w, https:\/\/emmaus-blois.com\/wp-content\/uploads\/2020\/07\/IMG_2514-2-300x161.jpg 300w, https:\/\/emmaus-blois.com\/wp-content\/uploads\/2020\/07\/IMG_2514-2-1024x550.jpg 1024w, https:\/\/emmaus-blois.com\/wp-content\/uploads\/2020\/07\/IMG_2514-2-768x413.jpg 768w, https:\/\/emmaus-blois.com\/wp-content\/uploads\/2020\/07\/IMG_2514-2-1536x826.jpg 1536w, https:\/\/emmaus-blois.com\/wp-content\/uploads\/2020\/07\/IMG_2514-2-2048x1101.jpg 2048w, https:\/\/emmaus-blois.com\/wp-content\/uploads\/2020\/07\/IMG_2514-2-1140x613.jpg 1140w\" sizes=\"(max-width: 2560px) 100vw, 2560px\" \/><\/a><\/h2>\n<blockquote>\n<p><strong>Les produits qui peuvent avoir une seconde vie, soit directement, soit apr\u00e8s r\u00e9paration, sont remis dans le circuit de la distribution \u00e0 des prix tr\u00e8s accessibles pour tous, le reste \u00e9tant recycl\u00e9.<\/strong><\/p>\n<\/blockquote>\n<p>Alors ne jetez plus ce qui peut \u00eatre donn\u00e9 puis revendu !<br \/>En bon \u00e9tat, ces objets seront toujours utiles \u00e0 quelqu&rsquo;un !<\/p>\n<p>\u00a0<\/p>\n<p>D&rsquo;une mani\u00e8re g\u00e9n\u00e9rale, n&rsquo;h\u00e9sitez pas \u00e0 donner \u00e0 Emma\u00fcs tous les objets utilisables ou recyclables.\u00a0Cependant, ne donnez pas ce que nous serons oblig\u00e9s de mettre \u00e0 la d\u00e9charge : chaussures usag\u00e9es, literie tach\u00e9e, vaisselle \u00e9br\u00e9ch\u00e9e, gravats. Nous vivons sans subvention, et la d\u00e9charge nous occasionne des frais importants. Le service des encombrants et la d\u00e9chetterie sont gratuits\u00a0pour les particuliers.<\/p>\n<p><a href=\"http:\/\/emmaus-blois.com\/index.php\/en-donnant\/aidez-nous-4\/\" rel=\"attachment wp-att-1397\"><img loading=\"lazy\" class=\"aligncenter size-full wp-image-1397\" src=\"http:\/\/emmaus-blois.com\/wp-content\/uploads\/2020\/07\/Aidez-nous-4.png\" alt=\"\" width=\"1587\" height=\"2245\" srcset=\"https:\/\/emmaus-blois.com\/wp-content\/uploads\/2020\/07\/Aidez-nous-4.png 1587w, https:\/\/emmaus-blois.com\/wp-content\/uploads\/2020\/07\/Aidez-nous-4-212x300.png 212w, https:\/\/emmaus-blois.com\/wp-content\/uploads\/2020\/07\/Aidez-nous-4-724x1024.png 724w, https:\/\/emmaus-blois.com\/wp-content\/uploads\/2020\/07\/Aidez-nous-4-768x1086.png 768w, https:\/\/emmaus-blois.com\/wp-content\/uploads\/2020\/07\/Aidez-nous-4-1086x1536.png 1086w, https:\/\/emmaus-blois.com\/wp-content\/uploads\/2020\/07\/Aidez-nous-4-1448x2048.png 1448w, https:\/\/emmaus-blois.com\/wp-content\/uploads\/2020\/07\/Aidez-nous-4-1140x1613.png 1140w\" sizes=\"(max-width: 1587px) 100vw, 1587px\" \/><\/a><\/p>\n<p>\u00a0<\/p>\n<p><strong><span style=\"text-decoration: underline;\">Typologie des produis trait\u00e9s<\/span><\/strong><\/p>\n<ul>\n<li>\n<p>V\u00eatement (Femme &#8211; Homme &#8211; Enfant) \/ Linge de maison<\/p>\n<\/li>\n<li>\n<p>Livres<\/p>\n<\/li>\n<li>\n<p>Mobilier et literie<\/p>\n<\/li>\n<li>\n<p>Petit et gros \u00e9lectrom\u00e9nager<\/p>\n<\/li>\n<li>\n<p>Son, image et informatique<\/p>\n<\/li>\n<li>\n<p>Produits divers (jouet &#8211; bibelot &#8211; jardinage &#8211; plein air &#8211; vaisselle &#8211; etc&#8230;)<\/p>\n<\/li>\n<\/ul>\n<div>\u00a0<\/div>\n<div id=\"donner-droite\"><a href=\"http:\/\/emmaus-blois.com\/index.php\/en-donnant\/on-ramasse-vos-dons-a-domicile\/\" rel=\"attachment wp-att-1421\"><img loading=\"lazy\" class=\"aligncenter size-full wp-image-1421\" src=\"http:\/\/emmaus-blois.com\/wp-content\/uploads\/2020\/07\/On-ramasse-vos-dons-\u00e0-domicile-.png\" alt=\"\" width=\"1587\" height=\"2245\" srcset=\"https:\/\/emmaus-blois.com\/wp-content\/uploads\/2020\/07\/On-ramasse-vos-dons-\u00e0-domicile-.png 1587w, https:\/\/emmaus-blois.com\/wp-content\/uploads\/2020\/07\/On-ramasse-vos-dons-\u00e0-domicile--212x300.png 212w, https:\/\/emmaus-blois.com\/wp-content\/uploads\/2020\/07\/On-ramasse-vos-dons-\u00e0-domicile--724x1024.png 724w, https:\/\/emmaus-blois.com\/wp-content\/uploads\/2020\/07\/On-ramasse-vos-dons-\u00e0-domicile--768x1086.png 768w, https:\/\/emmaus-blois.com\/wp-content\/uploads\/2020\/07\/On-ramasse-vos-dons-\u00e0-domicile--1086x1536.png 1086w, https:\/\/emmaus-blois.com\/wp-content\/uploads\/2020\/07\/On-ramasse-vos-dons-\u00e0-domicile--1448x2048.png 1448w, https:\/\/emmaus-blois.com\/wp-content\/uploads\/2020\/07\/On-ramasse-vos-dons-\u00e0-domicile--1140x1613.png 1140w\" sizes=\"(max-width: 1587px) 100vw, 1587px\" \/><\/a><\/div>\n\n\n<p><\/p>\n","protected":false},"excerpt":{"rendered":"<p>Les produits qui peuvent avoir une seconde vie, soit directement, soit apr\u00e8s r\u00e9paration, sont remis dans le circuit de la distribution \u00e0 des prix tr\u00e8s accessibles pour tous, le reste \u00e9tant recycl\u00e9. Alors ne jetez plus ce qui peut \u00eatre donn\u00e9 puis revendu !En bon \u00e9tat, ces objets seront toujours utiles \u00e0 quelqu&rsquo;un ! \u00a0 D&rsquo;une mani\u00e8re g\u00e9n\u00e9rale, n&rsquo;h\u00e9sitez pas \u00e0 donner \u00e0 Emma\u00fcs tous les objets utilisables ou recyclables.\u00a0Cependant, ne donnez pas ce que nous serons oblig\u00e9s de mettre \u00e0 la d\u00e9charge : chaussures usag\u00e9es, literie tach\u00e9e, vaisselle \u00e9br\u00e9ch\u00e9e, gravats. Nous vivons sans subvention, et la d\u00e9charge nous occasionne des frais importants. Le service des encombrants et la d\u00e9chetterie sont gratuits\u00a0pour les particuliers. \u00a0 Typologie des produis trait\u00e9s V\u00eatement (Femme &#8211; Homme &#8211; Enfant) \/ Linge de maison Livres Mobilier et literie Petit et gros \u00e9lectrom\u00e9nager Son, image et informatique Produits divers (jouet &#8211; bibelot &#8211; jardinage &#8211; plein air &#8211; vaisselle &#8211; etc&#8230;) \u00a0<\/p>\n","protected":false},"author":3,"featured_media":0,"parent":0,"menu_order":0,"comment_status":"closed","ping_status":"closed","template":"","meta":{"_mi_skip_tracking":false},"yoast_head":"<!-- This site is optimized with the Yoast SEO plugin v19.14 - https:\/\/yoast.com\/wordpress\/plugins\/seo\/ -->\n<title>Donner - Emmaus Blois<\/title>\n<meta name=\"robots\" content=\"index, follow, max-snippet:-1, max-image-preview:large, max-video-preview:-1\" \/>\n<link rel=\"canonical\" href=\"https:\/\/emmaus-blois.com\/index.php\/en-donnant\/\" \/>\n<meta property=\"og:locale\" content=\"fr_FR\" \/>\n<meta property=\"og:type\" content=\"article\" \/>\n<meta property=\"og:title\" content=\"Donner - Emmaus Blois\" \/>\n<meta property=\"og:description\" content=\"Les produits qui peuvent avoir une seconde vie, soit directement, soit apr\u00e8s r\u00e9paration, sont remis dans le circuit de la distribution \u00e0 des prix tr\u00e8s accessibles pour tous, le reste \u00e9tant recycl\u00e9. Alors ne jetez plus ce qui peut \u00eatre donn\u00e9 puis revendu !En bon \u00e9tat, ces objets seront toujours utiles \u00e0 quelqu&rsquo;un ! \u00a0 D&rsquo;une mani\u00e8re g\u00e9n\u00e9rale, n&rsquo;h\u00e9sitez pas \u00e0 donner \u00e0 Emma\u00fcs tous les objets utilisables ou recyclables.\u00a0Cependant, ne donnez pas ce que nous serons oblig\u00e9s de mettre \u00e0 la d\u00e9charge : chaussures usag\u00e9es, literie tach\u00e9e, vaisselle \u00e9br\u00e9ch\u00e9e, gravats. Nous vivons sans subvention, et la d\u00e9charge nous occasionne des frais importants. Le service des encombrants et la d\u00e9chetterie sont gratuits\u00a0pour les particuliers. \u00a0 Typologie des produis trait\u00e9s V\u00eatement (Femme &#8211; Homme &#8211; Enfant) \/ Linge de maison Livres Mobilier et literie Petit et gros \u00e9lectrom\u00e9nager Son, image et informatique Produits divers (jouet &#8211; bibelot &#8211; jardinage &#8211; plein air &#8211; vaisselle &#8211; etc&#8230;) \u00a0\" \/>\n<meta property=\"og:url\" content=\"https:\/\/emmaus-blois.com\/index.php\/en-donnant\/\" \/>\n<meta property=\"og:site_name\" content=\"Emmaus Blois\" \/>\n<meta property=\"article:modified_time\" content=\"2020-07-21T14:57:38+00:00\" \/>\n<meta property=\"og:image\" content=\"http:\/\/emmaus-blois.com\/wp-content\/uploads\/2020\/07\/IMG_2514-2-scaled.jpg\" \/>\n<meta name=\"twitter:card\" content=\"summary_large_image\" \/>\n<meta name=\"twitter:label1\" content=\"Dur\u00e9e de lecture estim\u00e9e\" \/>\n\t<meta name=\"twitter:data1\" content=\"1 minute\" \/>\n<script type=\"application\/ld+json\" class=\"yoast-schema-graph\">{\"@context\":\"https:\/\/schema.org\",\"@graph\":[{\"@type\":\"WebPage\",\"@id\":\"https:\/\/emmaus-blois.com\/index.php\/en-donnant\/\",\"url\":\"https:\/\/emmaus-blois.com\/index.php\/en-donnant\/\",\"name\":\"Donner - Emmaus Blois\",\"isPartOf\":{\"@id\":\"https:\/\/emmaus-blois.com\/#website\"},\"datePublished\":\"2015-07-15T07:58:44+00:00\",\"dateModified\":\"2020-07-21T14:57:38+00:00\",\"breadcrumb\":{\"@id\":\"https:\/\/emmaus-blois.com\/index.php\/en-donnant\/#breadcrumb\"},\"inLanguage\":\"fr-FR\",\"potentialAction\":[{\"@type\":\"ReadAction\",\"target\":[\"https:\/\/emmaus-blois.com\/index.php\/en-donnant\/\"]}]},{\"@type\":\"BreadcrumbList\",\"@id\":\"https:\/\/emmaus-blois.com\/index.php\/en-donnant\/#breadcrumb\",\"itemListElement\":[{\"@type\":\"ListItem\",\"position\":1,\"name\":\"Accueil\",\"item\":\"https:\/\/emmaus-blois.com\/\"},{\"@type\":\"ListItem\",\"position\":2,\"name\":\"Donner\"}]},{\"@type\":\"WebSite\",\"@id\":\"https:\/\/emmaus-blois.com\/#website\",\"url\":\"https:\/\/emmaus-blois.com\/\",\"name\":\"Emmaus Blois\",\"description\":\"\",\"potentialAction\":[{\"@type\":\"SearchAction\",\"target\":{\"@type\":\"EntryPoint\",\"urlTemplate\":\"https:\/\/emmaus-blois.com\/?s={search_term_string}\"},\"query-input\":\"required name=search_term_string\"}],\"inLanguage\":\"fr-FR\"}]}<\/script>\n<!-- \/ Yoast SEO plugin. -->","yoast_head_json":{"title":"Donner - Emmaus Blois","robots":{"index":"index","follow":"follow","max-snippet":"max-snippet:-1","max-image-preview":"max-image-preview:large","max-video-preview":"max-video-preview:-1"},"canonical":"https:\/\/emmaus-blois.com\/index.php\/en-donnant\/","og_locale":"fr_FR","og_type":"article","og_title":"Donner - Emmaus Blois","og_description":"Les produits qui peuvent avoir une seconde vie, soit directement, soit apr\u00e8s r\u00e9paration, sont remis dans le circuit de la distribution \u00e0 des prix tr\u00e8s accessibles pour tous, le reste \u00e9tant recycl\u00e9. Alors ne jetez plus ce qui peut \u00eatre donn\u00e9 puis revendu !En bon \u00e9tat, ces objets seront toujours utiles \u00e0 quelqu&rsquo;un ! \u00a0 D&rsquo;une mani\u00e8re g\u00e9n\u00e9rale, n&rsquo;h\u00e9sitez pas \u00e0 donner \u00e0 Emma\u00fcs tous les objets utilisables ou recyclables.\u00a0Cependant, ne donnez pas ce que nous serons oblig\u00e9s de mettre \u00e0 la d\u00e9charge : chaussures usag\u00e9es, literie tach\u00e9e, vaisselle \u00e9br\u00e9ch\u00e9e, gravats. Nous vivons sans subvention, et la d\u00e9charge nous occasionne des frais importants. Le service des encombrants et la d\u00e9chetterie sont gratuits\u00a0pour les particuliers. \u00a0 Typologie des produis trait\u00e9s V\u00eatement (Femme &#8211; Homme &#8211; Enfant) \/ Linge de maison Livres Mobilier et literie Petit et gros \u00e9lectrom\u00e9nager Son, image et informatique Produits divers (jouet &#8211; bibelot &#8211; jardinage &#8211; plein air &#8211; vaisselle &#8211; etc&#8230;) \u00a0","og_url":"https:\/\/emmaus-blois.com\/index.php\/en-donnant\/","og_site_name":"Emmaus Blois","article_modified_time":"2020-07-21T14:57:38+00:00","og_image":[{"url":"http:\/\/emmaus-blois.com\/wp-content\/uploads\/2020\/07\/IMG_2514-2-scaled.jpg"}],"twitter_card":"summary_large_image","twitter_misc":{"Dur\u00e9e de lecture estim\u00e9e":"1 minute"},"schema":{"@context":"https:\/\/schema.org","@graph":[{"@type":"WebPage","@id":"https:\/\/emmaus-blois.com\/index.php\/en-donnant\/","url":"https:\/\/emmaus-blois.com\/index.php\/en-donnant\/","name":"Donner - Emmaus Blois","isPartOf":{"@id":"https:\/\/emmaus-blois.com\/#website"},"datePublished":"2015-07-15T07:58:44+00:00","dateModified":"2020-07-21T14:57:38+00:00","breadcrumb":{"@id":"https:\/\/emmaus-blois.com\/index.php\/en-donnant\/#breadcrumb"},"inLanguage":"fr-FR","potentialAction":[{"@type":"ReadAction","target":["https:\/\/emmaus-blois.com\/index.php\/en-donnant\/"]}]},{"@type":"BreadcrumbList","@id":"https:\/\/emmaus-blois.com\/index.php\/en-donnant\/#breadcrumb","itemListElement":[{"@type":"ListItem","position":1,"name":"Accueil","item":"https:\/\/emmaus-blois.com\/"},{"@type":"ListItem","position":2,"name":"Donner"}]},{"@type":"WebSite","@id":"https:\/\/emmaus-blois.com\/#website","url":"https:\/\/emmaus-blois.com\/","name":"Emmaus Blois","description":"","potentialAction":[{"@type":"SearchAction","target":{"@type":"EntryPoint","urlTemplate":"https:\/\/emmaus-blois.com\/?s={search_term_string}"},"query-input":"required name=search_term_string"}],"inLanguage":"fr-FR"}]}},"_links":{"self":[{"href":"https:\/\/emmaus-blois.com\/index.php\/wp-json\/wp\/v2\/pages\/135"}],"collection":[{"href":"https:\/\/emmaus-blois.com\/index.php\/wp-json\/wp\/v2\/pages"}],"about":[{"href":"https:\/\/emmaus-blois.com\/index.php\/wp-json\/wp\/v2\/types\/page"}],"author":[{"embeddable":true,"href":"https:\/\/emmaus-blois.com\/index.php\/wp-json\/wp\/v2\/users\/3"}],"replies":[{"embeddable":true,"href":"https:\/\/emmaus-blois.com\/index.php\/wp-json\/wp\/v2\/comments?post=135"}],"version-history":[{"count":24,"href":"https:\/\/emmaus-blois.com\/index.php\/wp-json\/wp\/v2\/pages\/135\/revisions"}],"predecessor-version":[{"id":1422,"href":"https:\/\/emmaus-blois.com\/index.php\/wp-json\/wp\/v2\/pages\/135\/revisions\/1422"}],"wp:attachment":[{"href":"https:\/\/emmaus-blois.com\/index.php\/wp-json\/wp\/v2\/media?parent=135"}],"curies":[{"name":"wp","href":"https:\/\/api.w.org\/{rel}","templated":true}]}}