{"id":1265,"date":"2020-07-11T14:41:23","date_gmt":"2020-07-11T13:41:23","guid":{"rendered":"http:\/\/emmaus-blois.com\/?page_id=1265"},"modified":"2025-08-29T13:53:09","modified_gmt":"2025-08-29T12:53:09","slug":"bienvenue-sur-emmaus-blois","status":"publish","type":"page","link":"http:\/\/emmaus-blois.com\/","title":{"rendered":"EMMA\u00dcS Blois : Bienvenue sur notre site web !"},"content":{"rendered":"\n<p>Le Comit\u00e9 d\u2019Amis  Blois a \u00e9t\u00e9 cr\u00e9\u00e9 en 1978. Ainsi, il s\u2019inscrit dans le mouvement Emma\u00fcs cr\u00e9\u00e9 en 1949 pour lutter contre la pauvret\u00e9 et l\u2019exclusion.<\/p>\n\n\n\n<p>Actuellement, <a href=\"https:\/\/emmaus-france.org\/\">Emma\u00fcs France<\/a> qui est une association loi 1901, f\u00e9d\u00e8re ce mouvement au sein de 3 branches&nbsp;: la branche communautaire, la branche action sociale et logement et la branche \u00e9conomie solidaire et insertion.<\/p>\n\n\n\n<p>La branche \u00e9conomie solidaire et insertion regroupe 39 Comit\u00e9s d\u2019Amis et 47 structures d\u2019insertion en France.<\/p>\n\n\n\n<p>Pour savoir plus, cliquer <a href=\"http:\/\/emmaus-blois.com\/index.php\/nos-actions-2\/\">ICI<\/a> .<\/p>\n\n\n\n<p>Ici, sur notre site internet EMMA\u00dcS Blois, vous pouvez y retrouver toutes les informations concernant notre structure: <\/p>\n\n\n\n<ul><li>La Boutique ! avec tous ses diff\u00e9rents rayons :<ul><li>Bijoux<\/li><li>Bric-\u00e0-Brac<\/li><li>\u00c9lectrom\u00e9nager<\/li><li>Jouets<\/li><li>Livres<\/li><li>Literie<\/li><li>Meubles<\/li><li>Pu\u00e9riculture<\/li><li>Tissus &#8211; Dentelle &#8211; Mercerie<\/li><li>TV- Hifi<\/li><li>Vaisselle<\/li><li>V\u00eatements<\/li><\/ul><\/li><li>Comment \u00eatre acteur gr\u00e2ce aux donateurs et aux b\u00e9n\u00e9voles.<\/li><li>\u00c0 propos d\u2019Emma\u00fcs Blois<\/li><li>Toute l&rsquo;actu d\u2019Emma\u00fcs<\/li><li>Comment nous contacter<\/li><\/ul>\n\n\n\n<p>Chez nous, donner c&rsquo;est recycler! Alors ne jetez plus et pensez aux association qui recyclent vos biens. Vos dons font de vous des personnes qui agissent pour le D\u00e9veloppement Durable. Et oui ! EMMA\u00dcS Blois s&rsquo;inscrit gr\u00e2ce \u00e0 ses actions dans le D\u00e9veloppement Durable et participe localement \u00e0 8 but sur 17 fix\u00e9s par les Nations Unis via le programme \u00ab\u00a0Agenda 2030 : Objectifs de D\u00e9veloppement Durable\u00a0\u00bb.<\/p>\n\n\n\n<p>Les 8 buts sont: <\/p>\n\n\n\n<ul><li>1 ) Pas de pauvret\u00e9<\/li><li>2 ) Faim \u00ab\u00a0z\u00e9ro\u00a0\u00bb<\/li><li>8 ) Travail d\u00e9cent et croissance \u00e9conomique<\/li><li>9 ) Industrie, innovation et infrastructure<\/li><li>10 ) In\u00e9galit\u00e9s r\u00e9duites<\/li><li>12 ) Consommation et production responsables<\/li><li>16 ) Paix, justice et institutions efficaces <\/li><li>17 ) Partenariats pour la r\u00e9alisation des objectifs<\/li><\/ul>\n\n\n\n<p>Les derniers Articles de EMMA\u00dcS Blois :<\/p>\n\n\n\n<div class=\"wp-container-1 wp-block-group\"><div class=\"wp-block-group__inner-container\"><ul class=\"wp-block-latest-posts__list is-grid columns-3 wp-block-latest-posts\"><li><a class=\"wp-block-latest-posts__post-title\" href=\"http:\/\/emmaus-blois.com\/index.php\/2024\/08\/20\/attention-nouveaux-horaires-pour-le-magasin-des-le-28-aout-a-la-reouverture-de-notre-magasin\/\">Attention nouveaux horaires pour le magasin d\u00e8s le 28 ao\u00fbt \u00e0 la r\u00e9ouverture de notre magasin<\/a><\/li>\n<li><a class=\"wp-block-latest-posts__post-title\" href=\"http:\/\/emmaus-blois.com\/index.php\/2020\/07\/11\/la-boutique-nouveau\/\">La Boutique ! (nouveau)<\/a><\/li>\n<li><a class=\"wp-block-latest-posts__post-title\" href=\"http:\/\/emmaus-blois.com\/index.php\/2020\/07\/11\/conditions-dacces-a-la-boutique\/\">Conditions d&rsquo;acc\u00e8s \u00e0 La Boutique !<\/a><\/li>\n<li><a class=\"wp-block-latest-posts__post-title\" href=\"http:\/\/emmaus-blois.com\/index.php\/2020\/07\/11\/bienvenue-sur-le-nouveau-siteweb-demmaus-blois\/\">Bienvenue sur le nouveau SiteWEB d&rsquo;EMMA\u00dcS BLOIS !<\/a><\/li>\n<\/ul><\/div><\/div>\n","protected":false},"excerpt":{"rendered":"<p>Le Comit\u00e9 d\u2019Amis Blois a \u00e9t\u00e9 cr\u00e9\u00e9 en 1978. Ainsi, il s\u2019inscrit dans le mouvement Emma\u00fcs cr\u00e9\u00e9 en 1949 pour lutter contre la pauvret\u00e9 et l\u2019exclusion. Actuellement, Emma\u00fcs France qui est une association loi 1901, f\u00e9d\u00e8re ce mouvement au sein de 3 branches&nbsp;: la branche communautaire, la branche action sociale et logement et la branche \u00e9conomie solidaire et insertion. La branche \u00e9conomie solidaire et insertion regroupe 39 Comit\u00e9s d\u2019Amis et 47 structures d\u2019insertion en France. Pour savoir plus, cliquer ICI . Ici, sur notre site internet EMMA\u00dcS Blois, vous pouvez y retrouver toutes les informations concernant notre structure: La Boutique ! avec tous ses diff\u00e9rents rayons : Bijoux Bric-\u00e0-Brac \u00c9lectrom\u00e9nager Jouets Livres Literie Meubles Pu\u00e9riculture Tissus &#8211; Dentelle &#8211; Mercerie TV- Hifi Vaisselle V\u00eatements Comment \u00eatre acteur gr\u00e2ce aux donateurs et aux b\u00e9n\u00e9voles. \u00c0 propos d\u2019Emma\u00fcs Blois Toute l&rsquo;actu d\u2019Emma\u00fcs Comment nous contacter Chez nous, donner c&rsquo;est recycler! Alors ne jetez plus et pensez aux association qui recyclent vos biens. Vos dons font de vous des personnes qui agissent pour le D\u00e9veloppement Durable. Et oui ! EMMA\u00dcS Blois s&rsquo;inscrit gr\u00e2ce \u00e0 ses actions dans le D\u00e9veloppement Durable et participe localement \u00e0 8 but sur 17 fix\u00e9s par les Nations Unis via le programme \u00ab\u00a0Agenda 2030 : Objectifs de D\u00e9veloppement Durable\u00a0\u00bb. Les 8 buts sont: 1 ) Pas de pauvret\u00e9 2 ) Faim \u00ab\u00a0z\u00e9ro\u00a0\u00bb 8 ) Travail d\u00e9cent et croissance \u00e9conomique 9 ) Industrie, innovation et infrastructure 10 ) In\u00e9galit\u00e9s r\u00e9duites 12 ) Consommation et production responsables 16 ) Paix, justice et institutions efficaces 17 ) Partenariats pour la r\u00e9alisation des objectifs Les derniers Articles de EMMA\u00dcS Blois :<\/p>\n","protected":false},"author":3,"featured_media":1512,"parent":0,"menu_order":0,"comment_status":"closed","ping_status":"closed","template":"","meta":{"_mi_skip_tracking":false},"yoast_head":"<!-- This site is optimized with the Yoast SEO plugin v19.14 - https:\/\/yoast.com\/wordpress\/plugins\/seo\/ -->\n<title>EMMA\u00dcS Blois : Bienvenue sur notre site web ! - Emmaus Blois<\/title>\n<meta name=\"description\" content=\"Bienvenue sur le siteweb EMMA\u00dcS Blois. D\u00e9couvrez La Boutique, \u00eatre acteur, EMMA\u00dcS Blois, l&#039;actu EMMA\u00dcS, nous contacter. Rejoignez nous sur Facebook.\" \/>\n<meta name=\"robots\" content=\"index, follow, max-snippet:-1, max-image-preview:large, max-video-preview:-1\" \/>\n<link rel=\"canonical\" href=\"https:\/\/emmaus-blois.com\/\" \/>\n<meta property=\"og:locale\" content=\"fr_FR\" \/>\n<meta property=\"og:type\" content=\"article\" \/>\n<meta property=\"og:title\" content=\"EMMA\u00dcS Blois : Bienvenue sur notre site web ! - Emmaus Blois\" \/>\n<meta property=\"og:description\" content=\"Bienvenue sur le siteweb EMMA\u00dcS Blois. D\u00e9couvrez La Boutique, \u00eatre acteur, EMMA\u00dcS Blois, l&#039;actu EMMA\u00dcS, nous contacter. Rejoignez nous sur Facebook.\" \/>\n<meta property=\"og:url\" content=\"https:\/\/emmaus-blois.com\/\" \/>\n<meta property=\"og:site_name\" content=\"Emmaus Blois\" \/>\n<meta property=\"article:modified_time\" content=\"2025-08-29T12:53:09+00:00\" \/>\n<meta property=\"og:image\" content=\"https:\/\/emmaus-blois.com\/wp-content\/uploads\/2025\/08\/image_accueil.png\" \/>\n\t<meta property=\"og:image:width\" content=\"960\" \/>\n\t<meta property=\"og:image:height\" content=\"369\" \/>\n\t<meta property=\"og:image:type\" content=\"image\/png\" \/>\n<meta name=\"twitter:card\" content=\"summary_large_image\" \/>\n<meta name=\"twitter:label1\" content=\"Dur\u00e9e de lecture estim\u00e9e\" \/>\n\t<meta name=\"twitter:data1\" content=\"2 minutes\" \/>\n<script type=\"application\/ld+json\" class=\"yoast-schema-graph\">{\"@context\":\"https:\/\/schema.org\",\"@graph\":[{\"@type\":\"WebPage\",\"@id\":\"https:\/\/emmaus-blois.com\/\",\"url\":\"https:\/\/emmaus-blois.com\/\",\"name\":\"EMMA\u00dcS Blois : Bienvenue sur notre site web ! - Emmaus Blois\",\"isPartOf\":{\"@id\":\"https:\/\/emmaus-blois.com\/#website\"},\"datePublished\":\"2020-07-11T13:41:23+00:00\",\"dateModified\":\"2025-08-29T12:53:09+00:00\",\"description\":\"Bienvenue sur le siteweb EMMA\u00dcS Blois. D\u00e9couvrez La Boutique, \u00eatre acteur, EMMA\u00dcS Blois, l'actu EMMA\u00dcS, nous contacter. Rejoignez nous sur Facebook.\",\"breadcrumb\":{\"@id\":\"https:\/\/emmaus-blois.com\/#breadcrumb\"},\"inLanguage\":\"fr-FR\",\"potentialAction\":[{\"@type\":\"ReadAction\",\"target\":[\"https:\/\/emmaus-blois.com\/\"]}]},{\"@type\":\"BreadcrumbList\",\"@id\":\"https:\/\/emmaus-blois.com\/#breadcrumb\",\"itemListElement\":[{\"@type\":\"ListItem\",\"position\":1,\"name\":\"Accueil\",\"item\":\"https:\/\/emmaus-blois.com\/\"},{\"@type\":\"ListItem\",\"position\":2,\"name\":\"EMMA\u00dcS Blois : Bienvenue sur notre site web !\"}]},{\"@type\":\"WebSite\",\"@id\":\"https:\/\/emmaus-blois.com\/#website\",\"url\":\"https:\/\/emmaus-blois.com\/\",\"name\":\"Emmaus Blois\",\"description\":\"\",\"potentialAction\":[{\"@type\":\"SearchAction\",\"target\":{\"@type\":\"EntryPoint\",\"urlTemplate\":\"https:\/\/emmaus-blois.com\/?s={search_term_string}\"},\"query-input\":\"required name=search_term_string\"}],\"inLanguage\":\"fr-FR\"}]}<\/script>\n<!-- \/ Yoast SEO plugin. -->","yoast_head_json":{"title":"EMMA\u00dcS Blois : Bienvenue sur notre site web ! - Emmaus Blois","description":"Bienvenue sur le siteweb EMMA\u00dcS Blois. D\u00e9couvrez La Boutique, \u00eatre acteur, EMMA\u00dcS Blois, l'actu EMMA\u00dcS, nous contacter. Rejoignez nous sur Facebook.","robots":{"index":"index","follow":"follow","max-snippet":"max-snippet:-1","max-image-preview":"max-image-preview:large","max-video-preview":"max-video-preview:-1"},"canonical":"https:\/\/emmaus-blois.com\/","og_locale":"fr_FR","og_type":"article","og_title":"EMMA\u00dcS Blois : Bienvenue sur notre site web ! - Emmaus Blois","og_description":"Bienvenue sur le siteweb EMMA\u00dcS Blois. D\u00e9couvrez La Boutique, \u00eatre acteur, EMMA\u00dcS Blois, l'actu EMMA\u00dcS, nous contacter. Rejoignez nous sur Facebook.","og_url":"https:\/\/emmaus-blois.com\/","og_site_name":"Emmaus Blois","article_modified_time":"2025-08-29T12:53:09+00:00","og_image":[{"width":960,"height":369,"url":"https:\/\/emmaus-blois.com\/wp-content\/uploads\/2025\/08\/image_accueil.png","type":"image\/png"}],"twitter_card":"summary_large_image","twitter_misc":{"Dur\u00e9e de lecture estim\u00e9e":"2 minutes"},"schema":{"@context":"https:\/\/schema.org","@graph":[{"@type":"WebPage","@id":"https:\/\/emmaus-blois.com\/","url":"https:\/\/emmaus-blois.com\/","name":"EMMA\u00dcS Blois : Bienvenue sur notre site web ! - Emmaus Blois","isPartOf":{"@id":"https:\/\/emmaus-blois.com\/#website"},"datePublished":"2020-07-11T13:41:23+00:00","dateModified":"2025-08-29T12:53:09+00:00","description":"Bienvenue sur le siteweb EMMA\u00dcS Blois. D\u00e9couvrez La Boutique, \u00eatre acteur, EMMA\u00dcS Blois, l'actu EMMA\u00dcS, nous contacter. Rejoignez nous sur Facebook.","breadcrumb":{"@id":"https:\/\/emmaus-blois.com\/#breadcrumb"},"inLanguage":"fr-FR","potentialAction":[{"@type":"ReadAction","target":["https:\/\/emmaus-blois.com\/"]}]},{"@type":"BreadcrumbList","@id":"https:\/\/emmaus-blois.com\/#breadcrumb","itemListElement":[{"@type":"ListItem","position":1,"name":"Accueil","item":"https:\/\/emmaus-blois.com\/"},{"@type":"ListItem","position":2,"name":"EMMA\u00dcS Blois : Bienvenue sur notre site web !"}]},{"@type":"WebSite","@id":"https:\/\/emmaus-blois.com\/#website","url":"https:\/\/emmaus-blois.com\/","name":"Emmaus Blois","description":"","potentialAction":[{"@type":"SearchAction","target":{"@type":"EntryPoint","urlTemplate":"https:\/\/emmaus-blois.com\/?s={search_term_string}"},"query-input":"required name=search_term_string"}],"inLanguage":"fr-FR"}]}},"_links":{"self":[{"href":"http:\/\/emmaus-blois.com\/index.php\/wp-json\/wp\/v2\/pages\/1265"}],"collection":[{"href":"http:\/\/emmaus-blois.com\/index.php\/wp-json\/wp\/v2\/pages"}],"about":[{"href":"http:\/\/emmaus-blois.com\/index.php\/wp-json\/wp\/v2\/types\/page"}],"author":[{"embeddable":true,"href":"http:\/\/emmaus-blois.com\/index.php\/wp-json\/wp\/v2\/users\/3"}],"replies":[{"embeddable":true,"href":"http:\/\/emmaus-blois.com\/index.php\/wp-json\/wp\/v2\/comments?post=1265"}],"version-history":[{"count":18,"href":"http:\/\/emmaus-blois.com\/index.php\/wp-json\/wp\/v2\/pages\/1265\/revisions"}],"predecessor-version":[{"id":1508,"href":"http:\/\/emmaus-blois.com\/index.php\/wp-json\/wp\/v2\/pages\/1265\/revisions\/1508"}],"wp:featuredmedia":[{"embeddable":true,"href":"http:\/\/emmaus-blois.com\/index.php\/wp-json\/wp\/v2\/media\/1512"}],"wp:attachment":[{"href":"http:\/\/emmaus-blois.com\/index.php\/wp-json\/wp\/v2\/media?parent=1265"}],"curies":[{"name":"wp","href":"https:\/\/api.w.org\/{rel}","templated":true}]}}